{"id":206,"date":"2013-10-04T11:22:19","date_gmt":"2013-10-04T10:22:19","guid":{"rendered":"http:\/\/www.fragnol.net\/?page_id=206"},"modified":"2015-03-21T12:36:28","modified_gmt":"2015-03-21T11:36:28","slug":"a-propos","status":"publish","type":"page","link":"https:\/\/www.fragnol.net\/?page_id=206","title":{"rendered":"\u00c0 propos"},"content":{"rendered":"<p><a href=\"http:\/\/www.fragnol.net\/wp-content\/uploads\/2013\/10\/ff.jpg\"><img loading=\"lazy\" decoding=\"async\" class=\"  wp-image-421 alignleft\" src=\"http:\/\/www.fragnol.net\/wp-content\/uploads\/2013\/10\/ff-268x300.jpg\" alt=\"ff\" width=\"237\" height=\"283\" \/><\/a> Je ne suis pas tr\u00e8s dou\u00e9 pour parler de moi, mais il paraitrai que sur un blog cette section est \u00ab\u00a0obligatoire\u00a0\u00bb&#8230; Je m&rsquo;appelle <strong>Florent<\/strong> et je suis passionn\u00e9 d&rsquo;<strong>informatique<\/strong> depuis tr\u00e8s, tr\u00e8s longtemps. J&rsquo;ai commenc\u00e9 fin des ann\u00e9es 80 a bidouiller sur un Amiga 500 ; malgr\u00e9 l&rsquo;absence de disque dur je m&rsquo;amusais avec le Workbench 1.3. J&rsquo;avais d&rsquo;ailleurs ajouter de la m\u00e9moire vive pour atteindre la somme de 2 Mo et ainsi profiter de certains jeux comme <a href=\"http:\/\/www.youtube.com\/watch?v=KPwWQ6Q3-FM\" target=\"_blank\">The Settlers<\/a> ! Puis j&rsquo;ai eu mon premier Personnal Computer : un Pentium 166 MMX (ce dernier point est tr\u00e8s important) avec <a href=\"http:\/\/www.youtube.com\/watch?v=KWopioibU6U\" target=\"_blank\">Windows 95<\/a> ! C&rsquo;est ce PC qui m&rsquo;a permit de me familiaris\u00e9 avec l&rsquo;environnement Microsoft (\u00e0 force de me taper des formatages et r\u00e9installs on en apprends des choses).<\/p>\n<p>C&rsquo;est \u00e0 partir de ce moment que je me suis dit qu&rsquo;il fallait que je travaille dans l&rsquo;informatique plus tard. Je suis parti d&rsquo;un constat simple : je peux passer beaucoup de temps sur un PC sans m&rsquo;en rendre compte car cela me passionne alors pourquoi pas essayer de travailler dans ce domaine ! A l&rsquo;\u00e9poque il n&rsquo;y avait pas autant de cursus que maintenant j&rsquo;ai donc pris les chemins de traverses pour au final exercer le m\u00e9tier d&rsquo; \u00ab\u00a0Administrateur S&amp;R\u00a0\u00bb dans l&rsquo;\u00e9ducation nationale.<\/p>\n<p>A part l&rsquo;informatique j&rsquo;aime beaucoup de choses&#8230; <strong>Le jeux-vid\u00e9o<\/strong>, m\u00eame si aujourd&rsquo;hui j&rsquo;ai beaucoup moins de temps \u00e0 y consacrer j&rsquo;aime particuli\u00e8rement les jeux r\u00e9tro (<a href=\"http:\/\/www.youtube.com\/watch?v=Rb9haoWT5js\" target=\"_blank\">Alex Kidd<\/a>, <a href=\"http:\/\/www.youtube.com\/watch?v=v5OBkzGuDf4\" target=\"_blank\">Wizball<\/a>, <a href=\"http:\/\/www.youtube.com\/watch?v=cB_i96dX0zo\" target=\"_blank\">Mario<\/a>&#8230;). <strong>La bande-dessin\u00e9e<\/strong>, j&rsquo;aime le franco-belge, les mangas mais plus particuli\u00e8rement les comics tels que <a href=\"http:\/\/www.bedetheque.com\/serie-3130-BD-Sandman.html\" target=\"_blank\">Sandman<\/a>, <a href=\"http:\/\/www.bedetheque.com\/serie-1820-BD-Watchmen-Les-Gardiens.html\" target=\"_blank\">Watchmen<\/a>, <a href=\"http:\/\/www.bedetheque.com\/serie-16604-BD-V-for-Vendetta-1988.html\" target=\"_blank\">V for Vendetta<\/a>, <a href=\"http:\/\/www.bedetheque.com\/serie-8338-BD-Y-le-dernier-homme.html\" target=\"_blank\">Y The Last Man<\/a>&#8230; <strong>La musique<\/strong>, je l&rsquo;aime de mani\u00e8re g\u00e9n\u00e9rale m\u00eame si j&rsquo;ai une pr\u00e9f\u00e9rence pour le Jazz (je pratique la trompette). Les musiciens que je pr\u00e9f\u00e8re sont : <a href=\"https:\/\/www.youtube.com\/watch?v=zqNTltOGh5c\" target=\"_blank\">Miles Davis<\/a>, <a href=\"https:\/\/www.youtube.com\/watch?v=qxeb0cwjE8U\" target=\"_blank\">Roy Hargrove<\/a>, <a href=\"https:\/\/www.youtube.com\/watch?v=l5pAN6_Hc28&amp;list=PLyI-1N0S-GHkkUVLBNsK11QMSrbLGRgRj\" target=\"_blank\">Ibrahim Maalouf<\/a>, <a href=\"https:\/\/www.youtube.com\/watch?v=3BLK8x_2s_E\" target=\"_blank\">Ambrose Aknimusire<\/a>&#8230; J&rsquo;en aime tellement que je n&rsquo;aurais pas la place pour tous les \u00e9num\u00e9rer. Enfin <strong>le cin\u00e9ma<\/strong> qui m&rsquo;a berc\u00e9 depuis tout petit ! Merci d&rsquo;ailleurs \u00e0 mon P\u00e9p\u00e9 qui a fait parti des premiers abonn\u00e9s \u00e0 <a href=\"http:\/\/www.fragnol.net\/wp-content\/uploads\/2013\/10\/canalplus.jpg\">Canal +<\/a>. Je me souviens feuilleter le programme et lister les num\u00e9ros <a href=\"http:\/\/fr.wikipedia.org\/wiki\/ShowView\" target=\"_blank\">Showview<\/a> afin que mon a\u00efeul m&rsquo;enregistre les films que je d\u00e9sirait voir. Bref, mes films cultes sont : <a href=\"https:\/\/www.youtube.com\/watch?v=IhbJ6x1WJcs\" target=\"_blank\">La Guerre des \u00c9toiles<\/a>, <a href=\"https:\/\/www.youtube.com\/watch?v=KwPTIEWTYEI\" target=\"_blank\">Dune<\/a> et <a href=\"https:\/\/www.youtube.com\/watch?v=5Cb3ik6zP2I\" target=\"_blank\">The Shining<\/a>.<\/p>\n<p>Lister mes gouts comme je viens de le faire peut sembler \u00eatre une pr\u00e9sentation atypique mais, quoi de mieux pour connaitre une personne ?<\/p>\n<p>&nbsp;<\/p>\n<p>&nbsp;<\/p>\n","protected":false},"excerpt":{"rendered":"<p>Je ne suis pas tr\u00e8s dou\u00e9 pour parler de moi, mais il paraitrai que sur un blog cette section est \u00ab\u00a0obligatoire\u00a0\u00bb&#8230; Je m&rsquo;appelle Florent et je suis passionn\u00e9 d&rsquo;informatique depuis tr\u00e8s, tr\u00e8s longtemps. J&rsquo;ai commenc\u00e9 fin des ann\u00e9es 80 a &hellip; <a href=\"https:\/\/www.fragnol.net\/?page_id=206\">Continuer la lecture <span class=\"meta-nav\">&rarr;<\/span><\/a><\/p>\n","protected":false},"author":1,"featured_media":0,"parent":0,"menu_order":2,"comment_status":"closed","ping_status":"open","template":"","meta":{"footnotes":""},"class_list":["post-206","page","type-page","status-publish","hentry"],"_links":{"self":[{"href":"https:\/\/www.fragnol.net\/index.php?rest_route=\/wp\/v2\/pages\/206","targetHints":{"allow":["GET"]}}],"collection":[{"href":"https:\/\/www.fragnol.net\/index.php?rest_route=\/wp\/v2\/pages"}],"about":[{"href":"https:\/\/www.fragnol.net\/index.php?rest_route=\/wp\/v2\/types\/page"}],"author":[{"embeddable":true,"href":"https:\/\/www.fragnol.net\/index.php?rest_route=\/wp\/v2\/users\/1"}],"replies":[{"embeddable":true,"href":"https:\/\/www.fragnol.net\/index.php?rest_route=%2Fwp%2Fv2%2Fcomments&post=206"}],"version-history":[{"count":10,"href":"https:\/\/www.fragnol.net\/index.php?rest_route=\/wp\/v2\/pages\/206\/revisions"}],"predecessor-version":[{"id":422,"href":"https:\/\/www.fragnol.net\/index.php?rest_route=\/wp\/v2\/pages\/206\/revisions\/422"}],"wp:attachment":[{"href":"https:\/\/www.fragnol.net\/index.php?rest_route=%2Fwp%2Fv2%2Fmedia&parent=206"}],"curies":[{"name":"wp","href":"https:\/\/api.w.org\/{rel}","templated":true}]}}