{"id":334,"date":"2015-02-10T15:17:30","date_gmt":"2015-02-10T14:17:30","guid":{"rendered":"http:\/\/www.fragnol.net\/?page_id=334"},"modified":"2015-02-14T12:16:56","modified_gmt":"2015-02-14T11:16:56","slug":"test","status":"publish","type":"page","link":"https:\/\/www.fragnol.net\/?page_id=334","title":{"rendered":"1. Pr\u00e9 requis"},"content":{"rendered":"<p><span style=\"text-decoration: underline;\"><em><strong>Sommaire :<\/strong><\/em><\/span><\/p>\n<ol>\n<li><strong>Pr\u00e9-requis<\/strong><\/li>\n<li><a href=\"http:\/\/www.fragnol.net\/?page_id=339\">Installation et configuration de SSHFS avec un Nas Synology<\/a><\/li>\n<li><a href=\"http:\/\/www.fragnol.net\/?page_id=359\">Installation et configuration de Transmission<\/a><\/li>\n<li><a href=\"http:\/\/www.fragnol.net\/?page_id=368\">Installation et configuration d\u2019Openvpn avec VPNfacile.net<\/a><\/li>\n<li><a href=\"http:\/\/www.fragnol.net\/?page_id=381\">Installation et configuration de Couchpotato<\/a><\/li>\n<li><a href=\"http:\/\/www.fragnol.net\/?page_id=399\">Installation et configuration de Sickbeard<\/a><\/li>\n<\/ol>\n<hr \/>\n<p>Le plus important pour une Seedbox est de poss\u00e9der un d\u00e9bit montant et descendant important. Plusieurs solutions s\u2019offrent \u00e0 vous :<\/p>\n<ul>\n<li>Vous disposez d&rsquo;une connexion haut d\u00e9bit de type SDSL \/ Fibre optique, vous d\u00e9cidez alors d&rsquo;installer votre serveur chez vous.<\/li>\n<li>Vous disposez d&rsquo;une connexion ADSL classique, il est donc n\u00e9cessaire d\u2019investir dans un serveur d\u00e9di\u00e9 chez <a href=\"https:\/\/www.kimsufi.com\/fr\/index.xml\" target=\"_blank\">kimsufi.com<\/a> ou <a href=\"http:\/\/www.online.net\/fr\/serveur-dedie\" target=\"_blank\">online.net<\/a>. L&rsquo;offre de d\u00e9marrage commence \u00e0 5,99\u20acHT.<\/li>\n<\/ul>\n<p>Il ne reste plus qu&rsquo;a installer votre serveur Ubuntu server (ou autres) mais je passe la dessus, c&rsquo;est la partie la plus simple. Je vous conseille cependant d&rsquo;\u00e9viter d&rsquo;installer la partie bureau graphique pour \u00e9conomiser des ressources.<\/p>\n<p>Il ne vous reste plus qu&rsquo;a s\u00e9curiser votre acc\u00e8s SSH et mettre en place votre pare-feu : <span style=\"text-decoration: underline;\">c&rsquo;est le minimum syndical !<\/span><\/p>\n<p>Vous pourrez trouver votre bonheur sur ce site :<\/p>\n<p><a href=\"http:\/\/www.fragnol.net\/?p=275\">S\u00e9curisation du service SSH<\/a><br \/>\n<a href=\"http:\/\/www.fragnol.net\/?p=289\">Un Firewall avec Iptables<\/a><\/p>\n<p>Vous pouvez \u00e9galement aller un peu plus loin en installant Fail2ban. C&rsquo;est un service charg\u00e9 de surveill\u00e9 le d\u00e9mon apache, ssh, ftp [etc&#8230;] et de bannir les IPs qui comptabilisent un trop grand nombre d&rsquo;\u00e9checs d&rsquo;authentification.<\/p>\n<p>Nous allons maintenant configurer le syst\u00e8me de fichiers SSHFS de mani\u00e8re \u00e0 monter un r\u00e9pertoire sur notre serveur, et que ce dernier pointe vers mon Nas Synology chez moi via un tunnel SSH.<\/p>\n<p><a href=\"http:\/\/www.fragnol.net\/?page_id=339\">Lire la suite <span class=\"meta-nav\">\u2192<\/span><\/a><\/p>\n<p>&nbsp;<\/p>\n","protected":false},"excerpt":{"rendered":"<p>Sommaire : Pr\u00e9-requis Installation et configuration de SSHFS avec un Nas Synology Installation et configuration de Transmission Installation et configuration d\u2019Openvpn avec VPNfacile.net Installation et configuration de Couchpotato Installation et configuration de Sickbeard Le plus important pour une Seedbox est &hellip; <a href=\"https:\/\/www.fragnol.net\/?page_id=334\">Continuer la lecture <span class=\"meta-nav\">&rarr;<\/span><\/a><\/p>\n","protected":false},"author":1,"featured_media":0,"parent":0,"menu_order":0,"comment_status":"open","ping_status":"open","template":"","meta":{"footnotes":""},"class_list":["post-334","page","type-page","status-publish","hentry"],"_links":{"self":[{"href":"https:\/\/www.fragnol.net\/index.php?rest_route=\/wp\/v2\/pages\/334","targetHints":{"allow":["GET"]}}],"collection":[{"href":"https:\/\/www.fragnol.net\/index.php?rest_route=\/wp\/v2\/pages"}],"about":[{"href":"https:\/\/www.fragnol.net\/index.php?rest_route=\/wp\/v2\/types\/page"}],"author":[{"embeddable":true,"href":"https:\/\/www.fragnol.net\/index.php?rest_route=\/wp\/v2\/users\/1"}],"replies":[{"embeddable":true,"href":"https:\/\/www.fragnol.net\/index.php?rest_route=%2Fwp%2Fv2%2Fcomments&post=334"}],"version-history":[{"count":10,"href":"https:\/\/www.fragnol.net\/index.php?rest_route=\/wp\/v2\/pages\/334\/revisions"}],"predecessor-version":[{"id":405,"href":"https:\/\/www.fragnol.net\/index.php?rest_route=\/wp\/v2\/pages\/334\/revisions\/405"}],"wp:attachment":[{"href":"https:\/\/www.fragnol.net\/index.php?rest_route=%2Fwp%2Fv2%2Fmedia&parent=334"}],"curies":[{"name":"wp","href":"https:\/\/api.w.org\/{rel}","templated":true}]}}