{"id":399,"date":"2015-02-14T12:15:27","date_gmt":"2015-02-14T11:15:27","guid":{"rendered":"http:\/\/www.fragnol.net\/?page_id=399"},"modified":"2015-02-16T12:13:52","modified_gmt":"2015-02-16T11:13:52","slug":"6-sickbeard","status":"publish","type":"page","link":"https:\/\/www.fragnol.net\/?page_id=399","title":{"rendered":"6. Sickbeard"},"content":{"rendered":"<p><em><strong>Sommaire :<\/strong><\/em><\/p>\n<ol>\n<li><a href=\"http:\/\/www.fragnol.net\/?page_id=334\">Pr\u00e9-requis<\/a><\/li>\n<li><a href=\"http:\/\/www.fragnol.net\/?page_id=339\">Installation et configuration de SSHFS avec un Nas Synology<\/a><\/li>\n<li><a href=\"http:\/\/www.fragnol.net\/?page_id=359\">Installation et configuration de Transmission<\/a><\/li>\n<li><a href=\"http:\/\/www.fragnol.net\/?page_id=368\">Installation et configuration d\u2019Openvpn avec VPNfacile.net<\/a><\/li>\n<li><a href=\"http:\/\/www.fragnol.net\/?page_id=381\">Installation et configuration de Couchpotato<\/a><\/li>\n<li><strong>Installation et configuration de Sickbeard<\/strong><\/li>\n<\/ol>\n<hr \/>\n<p>La m\u00e9thode d&rsquo;installation est sensiblement la m\u00eame que Couchpotato. Nous allons donc faire un clone du d\u00e9pot de Sarakha63 (encore lui ;)) :<\/p>\n<pre class=\"lang:default decode:true\" title=\"couchpotato\">git clone https:\/\/github.com\/sarakha63\/Sick-Beard.git \/opt\/sickbeard<\/pre>\n<p>Ensuite nous allons copier le service Sickbeard au bon endroit :<\/p>\n<pre class=\"qoate-code\">cp \/opt\/sickbeard\/init.ubuntu \/etc\/init.d\/sickbeard<\/pre>\n<p>Puis on le rends ex\u00e9cutable :<\/p>\n<pre class=\"qoate-code \">chmod +x \/etc\/init.d\/sickbeard<\/pre>\n<p>On \u00e9dite ensuite le fichier de configuration suivant :<\/p>\n<pre><code>nano \/etc\/default\/sickbeard<\/code><\/pre>\n<p>Et on y ajoute ceci :<\/p>\n<pre><code>SB_USER=root\r\nSB_HOME=\/opt\/sickbeard<\/code><\/pre>\n<p>Cela dit, je vous conseillerais de cr\u00e9er un utilisateur sp\u00e9cifique \u00e0 Sickbeard pour plus de s\u00e9curit\u00e9.<\/p>\n<p>Enfin pour ex\u00e9cuter Sickbeard au d\u00e9marrage de notre serveur :<\/p>\n<pre class=\"qoate-code\">update-rc.d sickbeard defaults<\/pre>\n<p>Puis on lance le service :<\/p>\n<pre class=\"qoate-code\">\/etc\/init.d\/sickbeard start<\/pre>\n<p>Vous pouvez maintenant acc\u00e9der \u00e0 Sickbeard via votre navigateur \u00e0 cette addresse :<\/p>\n<p>http:\/\/VOTRE_IP:<strong>8081<\/strong><\/p>\n<p>Je vous conseillerais d&rsquo;indiquer tout de suite un identifiant et un mot de passe pour l&rsquo;acc\u00e8s \u00e0 l\u2019interface Web en allant dans \u00ab\u00a0General Configuration&gt;Web Interface\u00a0\u00bb :<\/p>\n<p><a href=\"http:\/\/www.fragnol.net\/wp-content\/uploads\/2015\/02\/sickbeard01.jpg\"><img loading=\"lazy\" decoding=\"async\" class=\"aligncenter size-medium wp-image-415\" src=\"http:\/\/www.fragnol.net\/wp-content\/uploads\/2015\/02\/sickbeard01-300x235.jpg\" alt=\"sickbeard01\" width=\"300\" height=\"235\" srcset=\"https:\/\/www.fragnol.net\/wp-content\/uploads\/2015\/02\/sickbeard01-300x235.jpg 300w, https:\/\/www.fragnol.net\/wp-content\/uploads\/2015\/02\/sickbeard01-1024x802.jpg 1024w, https:\/\/www.fragnol.net\/wp-content\/uploads\/2015\/02\/sickbeard01-383x300.jpg 383w, https:\/\/www.fragnol.net\/wp-content\/uploads\/2015\/02\/sickbeard01.jpg 1025w\" sizes=\"auto, (max-width: 300px) 100vw, 300px\" \/><\/a>Ensuite nous allons faire comme Couchpotato \u00e0 savoir configurer notre client torrent et le r\u00e9pertoire de t\u00e9l\u00e9chargement :<\/p>\n<p><a href=\"http:\/\/www.fragnol.net\/wp-content\/uploads\/2015\/02\/sickbeard02.jpg\"><img loading=\"lazy\" decoding=\"async\" class=\"aligncenter size-medium wp-image-416\" src=\"http:\/\/www.fragnol.net\/wp-content\/uploads\/2015\/02\/sickbeard02-300x272.jpg\" alt=\"sickbeard02\" width=\"300\" height=\"272\" srcset=\"https:\/\/www.fragnol.net\/wp-content\/uploads\/2015\/02\/sickbeard02-300x272.jpg 300w, https:\/\/www.fragnol.net\/wp-content\/uploads\/2015\/02\/sickbeard02-331x300.jpg 331w, https:\/\/www.fragnol.net\/wp-content\/uploads\/2015\/02\/sickbeard02.jpg 1002w\" sizes=\"auto, (max-width: 300px) 100vw, 300px\" \/><\/a>Dans l&rsquo;onglet \u00ab\u00a0Preferred Method\u00a0\u00bb s\u00e9lectionnez \u00ab\u00a0Torrent\u00a0\u00bb.<\/p>\n<p>Puis dans \u00ab\u00a0Search Providers\u00a0\u00bb et dans l&rsquo;onglet \u00ab\u00a0Providers Prorities\u00a0\u00bb s\u00e9lectionnez vos providers torrent pr\u00e9f\u00e9r\u00e9s sachant que leurs positions dans la liste les rends prioritaires\u00a0 :<\/p>\n<p><a href=\"http:\/\/www.fragnol.net\/wp-content\/uploads\/2015\/02\/sickbeard03.jpg\"><img loading=\"lazy\" decoding=\"async\" class=\"aligncenter size-medium wp-image-417\" src=\"http:\/\/www.fragnol.net\/wp-content\/uploads\/2015\/02\/sickbeard03-300x256.jpg\" alt=\"sickbeard03\" width=\"300\" height=\"256\" srcset=\"https:\/\/www.fragnol.net\/wp-content\/uploads\/2015\/02\/sickbeard03-300x256.jpg 300w, https:\/\/www.fragnol.net\/wp-content\/uploads\/2015\/02\/sickbeard03-351x300.jpg 351w, https:\/\/www.fragnol.net\/wp-content\/uploads\/2015\/02\/sickbeard03.jpg 997w\" sizes=\"auto, (max-width: 300px) 100vw, 300px\" \/><\/a>N&rsquo;oubliez pas d&rsquo;allez dans l&rsquo;onglet \u00ab\u00a0Configure Built-In Providers\u00a0\u00bb afin de renseigner les param\u00e8tres d&rsquo;identification (pour T411 par exemple).<\/p>\n<p>Enfin le plus important est le \u00ab\u00a0Post Processing\u00a0\u00bb afin de copier nos fichiers t\u00e9l\u00e9charg\u00e9s vers notre emplacement SSHFS, donc chez nous. Allez dans le menu \u00ab\u00a0Post Processing\u00a0\u00bb :<\/p>\n<p><a href=\"http:\/\/www.fragnol.net\/wp-content\/uploads\/2015\/02\/sickbeard04.jpg\"><img loading=\"lazy\" decoding=\"async\" class=\"aligncenter size-medium wp-image-418\" src=\"http:\/\/www.fragnol.net\/wp-content\/uploads\/2015\/02\/sickbeard04-300x283.jpg\" alt=\"sickbeard04\" width=\"300\" height=\"283\" srcset=\"https:\/\/www.fragnol.net\/wp-content\/uploads\/2015\/02\/sickbeard04-300x283.jpg 300w, https:\/\/www.fragnol.net\/wp-content\/uploads\/2015\/02\/sickbeard04-318x300.jpg 318w, https:\/\/www.fragnol.net\/wp-content\/uploads\/2015\/02\/sickbeard04.jpg 1012w\" sizes=\"auto, (max-width: 300px) 100vw, 300px\" \/><\/a>Voici votre Sickbeard et plus g\u00e9n\u00e9ralement votre Seedbox configur\u00e9 ! Vos t\u00e9l\u00e9chargements se feront d\u00e9sormais automatiquement et de mani\u00e8re s\u00e9curis\u00e9s \ud83d\ude42<\/p>\n<p>Si vous avez des questions n&rsquo;h\u00e9sitez pas, les commentaires sont l\u00e0 pour \u00e7a !<\/p>\n<p>&nbsp;<\/p>\n<p>&nbsp;<\/p>\n","protected":false},"excerpt":{"rendered":"<p>Sommaire : Pr\u00e9-requis Installation et configuration de SSHFS avec un Nas Synology Installation et configuration de Transmission Installation et configuration d\u2019Openvpn avec VPNfacile.net Installation et configuration de Couchpotato Installation et configuration de Sickbeard La m\u00e9thode d&rsquo;installation est sensiblement la m\u00eame &hellip; <a href=\"https:\/\/www.fragnol.net\/?page_id=399\">Continuer la lecture <span class=\"meta-nav\">&rarr;<\/span><\/a><\/p>\n","protected":false},"author":1,"featured_media":0,"parent":0,"menu_order":0,"comment_status":"open","ping_status":"open","template":"","meta":{"footnotes":""},"class_list":["post-399","page","type-page","status-publish","hentry"],"_links":{"self":[{"href":"https:\/\/www.fragnol.net\/index.php?rest_route=\/wp\/v2\/pages\/399","targetHints":{"allow":["GET"]}}],"collection":[{"href":"https:\/\/www.fragnol.net\/index.php?rest_route=\/wp\/v2\/pages"}],"about":[{"href":"https:\/\/www.fragnol.net\/index.php?rest_route=\/wp\/v2\/types\/page"}],"author":[{"embeddable":true,"href":"https:\/\/www.fragnol.net\/index.php?rest_route=\/wp\/v2\/users\/1"}],"replies":[{"embeddable":true,"href":"https:\/\/www.fragnol.net\/index.php?rest_route=%2Fwp%2Fv2%2Fcomments&post=399"}],"version-history":[{"count":5,"href":"https:\/\/www.fragnol.net\/index.php?rest_route=\/wp\/v2\/pages\/399\/revisions"}],"predecessor-version":[{"id":419,"href":"https:\/\/www.fragnol.net\/index.php?rest_route=\/wp\/v2\/pages\/399\/revisions\/419"}],"wp:attachment":[{"href":"https:\/\/www.fragnol.net\/index.php?rest_route=%2Fwp%2Fv2%2Fmedia&parent=399"}],"curies":[{"name":"wp","href":"https:\/\/api.w.org\/{rel}","templated":true}]}}